{"id":23,"date":"2023-06-12T11:00:36","date_gmt":"2023-06-12T11:00:36","guid":{"rendered":"https:\/\/impers.ch\/?page_id=23"},"modified":"2023-07-10T14:06:12","modified_gmt":"2023-07-10T14:06:12","slug":"christina","status":"publish","type":"page","link":"https:\/\/impers.ch\/?page_id=23","title":{"rendered":"Christina"},"content":{"rendered":"\n<div class=\"wp-block-columns is-layout-flex wp-container-core-columns-is-layout-28f84493 wp-block-columns-is-layout-flex\">\n<div class=\"wp-block-column is-layout-flow wp-block-column-is-layout-flow\" style=\"flex-basis:66.66%\">\n<p><br><\/p>\n<\/div>\n<\/div>\n\n\n\n<div class=\"wp-block-columns is-layout-flex wp-container-core-columns-is-layout-28f84493 wp-block-columns-is-layout-flex\">\n<div class=\"wp-block-column is-layout-flow wp-block-column-is-layout-flow\" style=\"flex-basis:66.66%\">\n<p>Seit jungen Jahren besch\u00e4ftige ich mich mit Astrologie und Psychologie.<br>Dabei ist es mir ein Bed\u00fcrfnis, die Anliegen, Probleme und Schwierigkeiten der Menschen zu erkennen und mit Verst\u00e4ndnis L\u00f6sungen zu finden.<br>Als dipl. psychologische Astrologin biete ich folgende Dienstleistungen an:<\/p>\n\n\n\n<ul class=\"wp-block-list\">\n<li>astrologische, psychologische Beratungen<\/li>\n\n\n\n<li>Aufstellungen mit Personen oder Holzfiguren<\/li>\n\n\n\n<li>Astrologiekurse<\/li>\n\n\n\n<li>M\u00e4rchenkurse<\/li>\n\n\n\n<li>Lebensberatungskurse<\/li>\n\n\n\n<li>Supervisionen<\/li>\n\n\n\n<li>Zeitqualit\u00e4tskurse<\/li>\n<\/ul>\n<\/div>\n\n\n\n<div class=\"wp-block-column is-layout-flow wp-block-column-is-layout-flow\" style=\"flex-basis:33.33%\">\n<figure class=\"wp-block-image size-large\"><img loading=\"lazy\" decoding=\"async\" width=\"768\" height=\"1024\" src=\"https:\/\/impers.ch\/wp-content\/uploads\/2023\/07\/Christina-web-2023-768x1024.jpg\" alt=\"\" class=\"wp-image-165\" srcset=\"https:\/\/impers.ch\/wp-content\/uploads\/2023\/07\/Christina-web-2023-768x1024.jpg 768w, https:\/\/impers.ch\/wp-content\/uploads\/2023\/07\/Christina-web-2023-225x300.jpg 225w, https:\/\/impers.ch\/wp-content\/uploads\/2023\/07\/Christina-web-2023.jpg 800w\" sizes=\"auto, (max-width: 768px) 100vw, 768px\" \/><\/figure>\n<\/div>\n<\/div>\n","protected":false},"excerpt":{"rendered":"<p>Seit jungen Jahren besch\u00e4ftige ich mich mit Astrologie und Psychologie.Dabei ist es mir ein Bed\u00fcrfnis, die Anliegen, Probleme und Schwierigkeiten der Menschen zu erkennen und mit Verst\u00e4ndnis L\u00f6sungen zu finden.Als dipl. psychologische Astrologin biete ich folgende Dienstleistungen an:<\/p>\n","protected":false},"author":1,"featured_media":0,"parent":0,"menu_order":0,"comment_status":"closed","ping_status":"closed","template":"","meta":{"footnotes":""},"class_list":["post-23","page","type-page","status-publish","hentry"],"_links":{"self":[{"href":"https:\/\/impers.ch\/index.php?rest_route=\/wp\/v2\/pages\/23","targetHints":{"allow":["GET"]}}],"collection":[{"href":"https:\/\/impers.ch\/index.php?rest_route=\/wp\/v2\/pages"}],"about":[{"href":"https:\/\/impers.ch\/index.php?rest_route=\/wp\/v2\/types\/page"}],"author":[{"embeddable":true,"href":"https:\/\/impers.ch\/index.php?rest_route=\/wp\/v2\/users\/1"}],"replies":[{"embeddable":true,"href":"https:\/\/impers.ch\/index.php?rest_route=%2Fwp%2Fv2%2Fcomments&post=23"}],"version-history":[{"count":4,"href":"https:\/\/impers.ch\/index.php?rest_route=\/wp\/v2\/pages\/23\/revisions"}],"predecessor-version":[{"id":167,"href":"https:\/\/impers.ch\/index.php?rest_route=\/wp\/v2\/pages\/23\/revisions\/167"}],"wp:attachment":[{"href":"https:\/\/impers.ch\/index.php?rest_route=%2Fwp%2Fv2%2Fmedia&parent=23"}],"curies":[{"name":"wp","href":"https:\/\/api.w.org\/{rel}","templated":true}]}}