{"id":26,"date":"2023-06-12T11:04:17","date_gmt":"2023-06-12T11:04:17","guid":{"rendered":"https:\/\/impers.ch\/?page_id=26"},"modified":"2024-07-17T08:16:37","modified_gmt":"2024-07-17T08:16:37","slug":"oskar","status":"publish","type":"page","link":"https:\/\/impers.ch\/?page_id=26","title":{"rendered":"Oskar"},"content":{"rendered":"\n<div class=\"wp-block-columns is-layout-flex wp-container-core-columns-is-layout-28f84493 wp-block-columns-is-layout-flex\">\n<div class=\"wp-block-column is-layout-flow wp-block-column-is-layout-flow\" style=\"flex-basis:66.66%\">\n<div style=\"height:50px\" aria-hidden=\"true\" class=\"wp-block-spacer\"><\/div>\n\n\n\n<p>\u00dcber 30 Jahre lang war ich in verschiedenen Unternehmen im Bereich der Informatik t\u00e4tig. Seit 2010 f\u00fchre ich nun meine eigene IT-Firma und biete meinen Kunden PC-Support in allen Bereichen an.<\/p>\n\n\n\n<p>In meiner Freizeit setze ich meine mechanischen und elektronischen Kenntnisse gerne handwerklich ein, verbringe Zeit mit meinen Enkelkindern oder erhole mich auf dem Z\u00fcrichsee.<\/p>\n<\/div>\n\n\n\n<div class=\"wp-block-column is-layout-flow wp-block-column-is-layout-flow\" style=\"flex-basis:33.33%\">\n<figure class=\"wp-block-image size-large\"><img loading=\"lazy\" decoding=\"async\" width=\"768\" height=\"1024\" src=\"https:\/\/impers.ch\/wp-content\/uploads\/2023\/07\/Oskar-web-2023-768x1024.jpg\" alt=\"\" class=\"wp-image-166\" srcset=\"https:\/\/impers.ch\/wp-content\/uploads\/2023\/07\/Oskar-web-2023-768x1024.jpg 768w, https:\/\/impers.ch\/wp-content\/uploads\/2023\/07\/Oskar-web-2023-225x300.jpg 225w, https:\/\/impers.ch\/wp-content\/uploads\/2023\/07\/Oskar-web-2023.jpg 800w\" sizes=\"auto, (max-width: 768px) 100vw, 768px\" \/><\/figure>\n<\/div>\n<\/div>\n","protected":false},"excerpt":{"rendered":"<p>\u00dcber 30 Jahre lang war ich in verschiedenen Unternehmen im Bereich der Informatik t\u00e4tig. Seit 2010 f\u00fchre ich nun meine eigene IT-Firma und biete meinen Kunden PC-Support in allen Bereichen an. In meiner Freizeit setze ich meine mechanischen und elektronischen Kenntnisse gerne handwerklich ein, verbringe Zeit mit meinen Enkelkindern oder erhole mich auf dem Z\u00fcrichsee.<\/p>\n","protected":false},"author":1,"featured_media":0,"parent":0,"menu_order":0,"comment_status":"closed","ping_status":"closed","template":"","meta":{"footnotes":""},"class_list":["post-26","page","type-page","status-publish","hentry"],"_links":{"self":[{"href":"https:\/\/impers.ch\/index.php?rest_route=\/wp\/v2\/pages\/26","targetHints":{"allow":["GET"]}}],"collection":[{"href":"https:\/\/impers.ch\/index.php?rest_route=\/wp\/v2\/pages"}],"about":[{"href":"https:\/\/impers.ch\/index.php?rest_route=\/wp\/v2\/types\/page"}],"author":[{"embeddable":true,"href":"https:\/\/impers.ch\/index.php?rest_route=\/wp\/v2\/users\/1"}],"replies":[{"embeddable":true,"href":"https:\/\/impers.ch\/index.php?rest_route=%2Fwp%2Fv2%2Fcomments&post=26"}],"version-history":[{"count":4,"href":"https:\/\/impers.ch\/index.php?rest_route=\/wp\/v2\/pages\/26\/revisions"}],"predecessor-version":[{"id":277,"href":"https:\/\/impers.ch\/index.php?rest_route=\/wp\/v2\/pages\/26\/revisions\/277"}],"wp:attachment":[{"href":"https:\/\/impers.ch\/index.php?rest_route=%2Fwp%2Fv2%2Fmedia&parent=26"}],"curies":[{"name":"wp","href":"https:\/\/api.w.org\/{rel}","templated":true}]}}