{"id":32,"date":"2023-06-12T11:11:28","date_gmt":"2023-06-12T11:11:28","guid":{"rendered":"https:\/\/impers.ch\/?page_id=32"},"modified":"2023-06-12T17:20:14","modified_gmt":"2023-06-12T17:20:14","slug":"kurse","status":"publish","type":"page","link":"https:\/\/impers.ch\/?page_id=32","title":{"rendered":"Kurse"},"content":{"rendered":"\n<div class=\"wp-block-columns is-layout-flex wp-container-core-columns-is-layout-28f84493 wp-block-columns-is-layout-flex\">\n<div class=\"wp-block-column is-layout-flow wp-block-column-is-layout-flow\" style=\"flex-basis:66.66%\">\n<p>Das Auseinandersetzen mit der Astrologie ist eine hilfreiche Methode, in der Schule \u201eLeben&#8221; leichter vorw\u00e4rts zu kommen.<\/p>\n\n\n\n<p>Astrologiekurse sind \u00fcber Jahre hinweg hilfreiche St\u00fctzen.<br>Es werden Kurse auf verschiedenen Stufen angeboten.<br>M\u00f6glichkeit zum Diplomabschluss.<\/p>\n\n\n\n<p>In kleinen Gruppen treffen sich Astrologie-Anwender in regelm\u00e4ssigen Abst\u00e4nden, um neue Erkenntnisse und Erfahrungen zu sammeln und auszutauschen.<\/p>\n<\/div>\n\n\n\n<div class=\"wp-block-column is-layout-flow wp-block-column-is-layout-flow\" style=\"flex-basis:33.33%\">\n<figure class=\"wp-block-image size-large\"><img loading=\"lazy\" decoding=\"async\" width=\"1024\" height=\"725\" src=\"https:\/\/impers.ch\/wp-content\/uploads\/2023\/06\/kreis1-1024x725.gif\" alt=\"\" class=\"wp-image-33\" srcset=\"https:\/\/impers.ch\/wp-content\/uploads\/2023\/06\/kreis1-1024x725.gif 1024w, https:\/\/impers.ch\/wp-content\/uploads\/2023\/06\/kreis1-300x212.gif 300w, https:\/\/impers.ch\/wp-content\/uploads\/2023\/06\/kreis1-768x544.gif 768w, https:\/\/impers.ch\/wp-content\/uploads\/2023\/06\/kreis1-1536x1087.gif 1536w, https:\/\/impers.ch\/wp-content\/uploads\/2023\/06\/kreis1-2048x1449.gif 2048w\" sizes=\"auto, (max-width: 1024px) 100vw, 1024px\" \/><\/figure>\n<\/div>\n<\/div>\n\n\n\n<p>Zudem werden auch Tageskurse zu folgenden Themen durchgef\u00fchrt:<\/p>\n\n\n\n<ul class=\"wp-block-list\">\n<li>Zeitqualit\u00e4t nutzen<\/li>\n\n\n\n<li>Aufstellungen mit Holzfiguren<\/li>\n\n\n\n<li>Energiepotential erkennen<\/li>\n\n\n\n<li>\u00c4ngste und Tr\u00e4ume<\/li>\n<\/ul>\n\n\n\n<p>Bei diesen Kursen braucht es keine astrologischen Kenntnisse.<\/p>\n","protected":false},"excerpt":{"rendered":"<p>Das Auseinandersetzen mit der Astrologie ist eine hilfreiche Methode, in der Schule \u201eLeben&#8221; leichter vorw\u00e4rts zu kommen. Astrologiekurse sind \u00fcber Jahre hinweg hilfreiche St\u00fctzen.Es werden Kurse auf verschiedenen Stufen angeboten.M\u00f6glichkeit zum Diplomabschluss. In kleinen Gruppen treffen sich Astrologie-Anwender in regelm\u00e4ssigen Abst\u00e4nden, um neue Erkenntnisse und Erfahrungen zu sammeln und auszutauschen. Zudem werden auch Tageskurse zu [&hellip;]<\/p>\n","protected":false},"author":1,"featured_media":0,"parent":0,"menu_order":0,"comment_status":"closed","ping_status":"closed","template":"","meta":{"footnotes":""},"class_list":["post-32","page","type-page","status-publish","hentry"],"_links":{"self":[{"href":"https:\/\/impers.ch\/index.php?rest_route=\/wp\/v2\/pages\/32","targetHints":{"allow":["GET"]}}],"collection":[{"href":"https:\/\/impers.ch\/index.php?rest_route=\/wp\/v2\/pages"}],"about":[{"href":"https:\/\/impers.ch\/index.php?rest_route=\/wp\/v2\/types\/page"}],"author":[{"embeddable":true,"href":"https:\/\/impers.ch\/index.php?rest_route=\/wp\/v2\/users\/1"}],"replies":[{"embeddable":true,"href":"https:\/\/impers.ch\/index.php?rest_route=%2Fwp%2Fv2%2Fcomments&post=32"}],"version-history":[{"count":2,"href":"https:\/\/impers.ch\/index.php?rest_route=\/wp\/v2\/pages\/32\/revisions"}],"predecessor-version":[{"id":123,"href":"https:\/\/impers.ch\/index.php?rest_route=\/wp\/v2\/pages\/32\/revisions\/123"}],"wp:attachment":[{"href":"https:\/\/impers.ch\/index.php?rest_route=%2Fwp%2Fv2%2Fmedia&parent=32"}],"curies":[{"name":"wp","href":"https:\/\/api.w.org\/{rel}","templated":true}]}}