{"id":37,"date":"2023-06-12T11:16:56","date_gmt":"2023-06-12T11:16:56","guid":{"rendered":"https:\/\/impers.ch\/?page_id=37"},"modified":"2023-12-29T13:16:11","modified_gmt":"2023-12-29T13:16:11","slug":"kurslokal","status":"publish","type":"page","link":"https:\/\/impers.ch\/?page_id=37","title":{"rendered":"Kurslokal"},"content":{"rendered":"\n<div class=\"wp-block-columns is-layout-flex wp-container-core-columns-is-layout-28f84493 wp-block-columns-is-layout-flex\">\n<div class=\"wp-block-column is-layout-flow wp-block-column-is-layout-flow\" style=\"flex-basis:60%\">\n<div class=\"wp-block-columns is-layout-flex wp-container-core-columns-is-layout-28f84493 wp-block-columns-is-layout-flex\">\n<div class=\"wp-block-column is-layout-flow wp-block-column-is-layout-flow\">\n<div class=\"wp-block-group has-global-padding is-layout-constrained wp-block-group-is-layout-constrained\">\n<p>Das helle, gem\u00fctlich eingerichtete Kurslokal bietet Platz f\u00fcr max. 18 Personen und kann auch gemietet werden.<\/p>\n\n\n\n<p>Standort:<\/p>\n\n\n\n<p>Zentrale Lage, n\u00e4he Bahn, Schiff, Restaurants und L\u00e4den <\/p>\n\n\n\n<p>2 Parkpl\u00e4tze direkt vor dem Lokal<\/p>\n\n\n\n<p>\u00f6ffentliche Parkpl\u00e4tze in der nahen Umgebung<\/p>\n\n\n\n<p>Ausr\u00fcstung:<\/p>\n<\/div>\n<\/div>\n<\/div>\n\n\n\n<ul class=\"wp-block-list\">\n<li>Kaffeemaschine<\/li>\n\n\n\n<li>Wasserkocher<\/li>\n\n\n\n<li>K\u00fchlschrank<\/li>\n\n\n\n<li>K\u00fcchentrog<\/li>\n\n\n\n<li>Gl\u00e4ser und Tassen<\/li>\n\n\n\n<li>2 WC&#8217;s<\/li>\n\n\n\n<li>Flipchart und Whiteboard<\/li>\n\n\n\n<li>Magnetwand<\/li>\n<\/ul>\n<\/div>\n\n\n\n<div class=\"wp-block-column is-vertically-aligned-center is-layout-flow wp-block-column-is-layout-flow\" style=\"flex-basis:40%\"><div id=\"metaslider-id-207\" style=\"width: 100%; margin: 0 auto;\" class=\"ml-slider-3-107-0 metaslider metaslider-flex metaslider-207 ml-slider ms-theme-default nav-hidden\" role=\"region\" aria-label=\"Kursraum\" data-height=\"400\" data-width=\"600\">\n    <div id=\"metaslider_container_207\">\n        <div id=\"metaslider_207\" class=\"flexslider\">\n            <ul class='slides'>\n                <li style=\"display: block; width: 100%;\" class=\"slide-238 ms-image \" aria-roledescription=\"slide\" data-date=\"2023-12-29 13:02:43\" data-filename=\"20231229_094735-scaled-600x400.jpg\" data-slide-type=\"image\"><img loading=\"lazy\" decoding=\"async\" src=\"https:\/\/impers.ch\/wp-content\/uploads\/2023\/12\/20231229_094735-scaled-600x400.jpg\" height=\"400\" width=\"600\" alt=\"\" class=\"slider-207 slide-238 msDefaultImage\" title=\"20231229_094735\" \/><\/li>\n                <li style=\"display: none; width: 100%;\" class=\"slide-239 ms-image \" aria-roledescription=\"slide\" data-date=\"2023-12-29 13:02:43\" data-filename=\"20231229_094724-scaled-600x400.jpg\" data-slide-type=\"image\"><img loading=\"lazy\" decoding=\"async\" src=\"https:\/\/impers.ch\/wp-content\/uploads\/2023\/12\/20231229_094724-scaled-600x400.jpg\" height=\"400\" width=\"600\" alt=\"\" class=\"slider-207 slide-239 msDefaultImage\" title=\"20231229_094724\" \/><\/li>\n                <li style=\"display: none; width: 100%;\" class=\"slide-240 ms-image \" aria-roledescription=\"slide\" data-date=\"2023-12-29 13:02:43\" data-filename=\"20231229_094655-scaled-600x400.jpg\" data-slide-type=\"image\"><img loading=\"lazy\" decoding=\"async\" src=\"https:\/\/impers.ch\/wp-content\/uploads\/2023\/12\/20231229_094655-scaled-600x400.jpg\" height=\"400\" width=\"600\" alt=\"\" class=\"slider-207 slide-240 msDefaultImage\" title=\"20231229_094655\" \/><\/li>\n                <li style=\"display: none; width: 100%;\" class=\"slide-241 ms-image \" aria-roledescription=\"slide\" data-date=\"2023-12-29 13:02:43\" data-filename=\"20231229_094111-scaled-600x400.jpg\" data-slide-type=\"image\"><img loading=\"lazy\" decoding=\"async\" src=\"https:\/\/impers.ch\/wp-content\/uploads\/2023\/12\/20231229_094111-scaled-600x400.jpg\" height=\"400\" width=\"600\" alt=\"\" class=\"slider-207 slide-241 msDefaultImage\" title=\"20231229_094111\" \/><\/li>\n                <li style=\"display: none; width: 100%;\" class=\"slide-242 ms-image \" aria-roledescription=\"slide\" data-date=\"2023-12-29 13:02:43\" data-filename=\"20231229_094040-scaled-600x400.jpg\" data-slide-type=\"image\"><img loading=\"lazy\" decoding=\"async\" src=\"https:\/\/impers.ch\/wp-content\/uploads\/2023\/12\/20231229_094040-scaled-600x400.jpg\" height=\"400\" width=\"600\" alt=\"\" class=\"slider-207 slide-242 msDefaultImage\" title=\"20231229_094040\" \/><\/li>\n                <li style=\"display: none; width: 100%;\" class=\"slide-243 ms-image \" aria-roledescription=\"slide\" data-date=\"2023-12-29 13:02:43\" data-filename=\"20231229_094029-scaled-600x400.jpg\" data-slide-type=\"image\"><img loading=\"lazy\" decoding=\"async\" src=\"https:\/\/impers.ch\/wp-content\/uploads\/2023\/12\/20231229_094029-scaled-600x400.jpg\" height=\"400\" width=\"600\" alt=\"\" class=\"slider-207 slide-243 msDefaultImage\" title=\"20231229_094029\" \/><\/li>\n                <li style=\"display: none; width: 100%;\" class=\"slide-244 ms-image \" aria-roledescription=\"slide\" data-date=\"2023-12-29 13:02:43\" data-filename=\"20231228_165043-scaled-600x400.jpg\" data-slide-type=\"image\"><img loading=\"lazy\" decoding=\"async\" src=\"https:\/\/impers.ch\/wp-content\/uploads\/2023\/12\/20231228_165043-scaled-600x400.jpg\" height=\"400\" width=\"600\" alt=\"\" class=\"slider-207 slide-244 msDefaultImage\" title=\"20231228_165043\" \/><\/li>\n                <li style=\"display: none; width: 100%;\" class=\"slide-245 ms-image \" aria-roledescription=\"slide\" data-date=\"2023-12-29 13:02:43\" data-filename=\"20231228_165032-scaled-600x400.jpg\" data-slide-type=\"image\"><img loading=\"lazy\" decoding=\"async\" src=\"https:\/\/impers.ch\/wp-content\/uploads\/2023\/12\/20231228_165032-scaled-600x400.jpg\" height=\"400\" width=\"600\" alt=\"\" class=\"slider-207 slide-245 msDefaultImage\" title=\"20231228_165032\" \/><\/li>\n                <li style=\"display: none; width: 100%;\" class=\"slide-246 ms-image \" aria-roledescription=\"slide\" data-date=\"2023-12-29 13:02:43\" data-filename=\"20231228_164323-scaled-600x400.jpg\" data-slide-type=\"image\"><img loading=\"lazy\" decoding=\"async\" src=\"https:\/\/impers.ch\/wp-content\/uploads\/2023\/12\/20231228_164323-scaled-600x400.jpg\" height=\"400\" width=\"600\" alt=\"\" class=\"slider-207 slide-246 msDefaultImage\" title=\"20231228_164323\" \/><\/li>\n                <li style=\"display: none; width: 100%;\" class=\"slide-247 ms-image \" aria-roledescription=\"slide\" data-date=\"2023-12-29 13:02:43\" data-filename=\"20231228_164203-scaled-600x400.jpg\" data-slide-type=\"image\"><img loading=\"lazy\" decoding=\"async\" src=\"https:\/\/impers.ch\/wp-content\/uploads\/2023\/12\/20231228_164203-scaled-600x400.jpg\" height=\"400\" width=\"600\" alt=\"\" class=\"slider-207 slide-247 msDefaultImage\" title=\"20231228_164203\" \/><\/li>\n                <li style=\"display: none; width: 100%;\" class=\"slide-248 ms-image \" aria-roledescription=\"slide\" data-date=\"2023-12-29 13:02:43\" data-filename=\"20231228_163928-scaled-600x400.jpg\" data-slide-type=\"image\"><img loading=\"lazy\" decoding=\"async\" src=\"https:\/\/impers.ch\/wp-content\/uploads\/2023\/12\/20231228_163928-scaled-600x400.jpg\" height=\"400\" width=\"600\" alt=\"\" class=\"slider-207 slide-248 msDefaultImage\" title=\"20231228_163928\" \/><\/li>\n                <li style=\"display: none; width: 100%;\" class=\"slide-249 ms-image \" aria-roledescription=\"slide\" data-date=\"2023-12-29 13:02:43\" data-filename=\"20231228_163901-scaled-600x400.jpg\" data-slide-type=\"image\"><img loading=\"lazy\" decoding=\"async\" src=\"https:\/\/impers.ch\/wp-content\/uploads\/2023\/12\/20231228_163901-scaled-600x400.jpg\" height=\"400\" width=\"600\" alt=\"\" class=\"slider-207 slide-249 msDefaultImage\" title=\"20231228_163901\" \/><\/li>\n                <li style=\"display: none; width: 100%;\" class=\"slide-250 ms-image \" aria-roledescription=\"slide\" data-date=\"2023-12-29 13:02:43\" data-filename=\"20231228_163830-scaled-600x400.jpg\" data-slide-type=\"image\"><img loading=\"lazy\" decoding=\"async\" src=\"https:\/\/impers.ch\/wp-content\/uploads\/2023\/12\/20231228_163830-scaled-600x400.jpg\" height=\"400\" width=\"600\" alt=\"\" class=\"slider-207 slide-250 msDefaultImage\" title=\"20231228_163830\" \/><\/li>\n                <li style=\"display: none; width: 100%;\" class=\"slide-251 ms-image \" aria-roledescription=\"slide\" data-date=\"2023-12-29 13:02:43\" data-filename=\"20231228_163035-scaled-600x400.jpg\" data-slide-type=\"image\"><img loading=\"lazy\" decoding=\"async\" src=\"https:\/\/impers.ch\/wp-content\/uploads\/2023\/12\/20231228_163035-scaled-600x400.jpg\" height=\"400\" width=\"600\" alt=\"\" class=\"slider-207 slide-251 msDefaultImage\" title=\"20231228_163035\" \/><\/li>\n                <li style=\"display: none; width: 100%;\" class=\"slide-252 ms-image \" aria-roledescription=\"slide\" data-date=\"2023-12-29 13:02:43\" data-filename=\"Bild1-1-600x400.png\" data-slide-type=\"image\"><img loading=\"lazy\" decoding=\"async\" src=\"https:\/\/impers.ch\/wp-content\/uploads\/2023\/12\/Bild1-1-600x400.png\" height=\"400\" width=\"600\" alt=\"\" class=\"slider-207 slide-252 msDefaultImage\" title=\"Bild1\" \/><\/li>\n                <li style=\"display: none; width: 100%;\" class=\"slide-253 ms-image \" aria-roledescription=\"slide\" data-date=\"2023-12-29 13:02:43\" data-filename=\"20231228_152152-1-rotated-600x400.jpg\" data-slide-type=\"image\"><img loading=\"lazy\" decoding=\"async\" src=\"https:\/\/impers.ch\/wp-content\/uploads\/2023\/12\/20231228_152152-1-rotated-600x400.jpg\" height=\"400\" width=\"600\" alt=\"\" class=\"slider-207 slide-253 msDefaultImage\" title=\"20231228_152152\" \/><\/li>\n                <li style=\"display: none; width: 100%;\" class=\"slide-254 ms-image \" aria-roledescription=\"slide\" data-date=\"2023-12-29 13:02:43\" data-filename=\"20231228_151419-1-rotated-600x400.jpg\" data-slide-type=\"image\"><img loading=\"lazy\" decoding=\"async\" src=\"https:\/\/impers.ch\/wp-content\/uploads\/2023\/12\/20231228_151419-1-rotated-600x400.jpg\" height=\"400\" width=\"600\" alt=\"\" class=\"slider-207 slide-254 msDefaultImage\" title=\"20231228_151419\" \/><\/li>\n            <\/ul>\n        <\/div>\n        \n    <\/div>\n<\/div>\n<\/div>\n<\/div>\n\n\n\n<p>F\u00fcr Angaben wie freie Termine oder Mietkonditionen kontaktieren Sie bitte <a href=\"mailto:christina@impers.ch\" data-type=\"mailto\" data-id=\"mailto:christina@impers.ch\">Christina Imper<\/a><\/p>\n","protected":false},"excerpt":{"rendered":"<p>Das helle, gem\u00fctlich eingerichtete Kurslokal bietet Platz f\u00fcr max. 18 Personen und kann auch gemietet werden. Standort: Zentrale Lage, n\u00e4he Bahn, Schiff, Restaurants und L\u00e4den 2 Parkpl\u00e4tze direkt vor dem Lokal \u00f6ffentliche Parkpl\u00e4tze in der nahen Umgebung Ausr\u00fcstung: F\u00fcr Angaben wie freie Termine oder Mietkonditionen kontaktieren Sie bitte Christina Imper<\/p>\n","protected":false},"author":1,"featured_media":0,"parent":0,"menu_order":0,"comment_status":"closed","ping_status":"closed","template":"","meta":{"footnotes":""},"class_list":["post-37","page","type-page","status-publish","hentry"],"_links":{"self":[{"href":"https:\/\/impers.ch\/index.php?rest_route=\/wp\/v2\/pages\/37","targetHints":{"allow":["GET"]}}],"collection":[{"href":"https:\/\/impers.ch\/index.php?rest_route=\/wp\/v2\/pages"}],"about":[{"href":"https:\/\/impers.ch\/index.php?rest_route=\/wp\/v2\/types\/page"}],"author":[{"embeddable":true,"href":"https:\/\/impers.ch\/index.php?rest_route=\/wp\/v2\/users\/1"}],"replies":[{"embeddable":true,"href":"https:\/\/impers.ch\/index.php?rest_route=%2Fwp%2Fv2%2Fcomments&post=37"}],"version-history":[{"count":11,"href":"https:\/\/impers.ch\/index.php?rest_route=\/wp\/v2\/pages\/37\/revisions"}],"predecessor-version":[{"id":256,"href":"https:\/\/impers.ch\/index.php?rest_route=\/wp\/v2\/pages\/37\/revisions\/256"}],"wp:attachment":[{"href":"https:\/\/impers.ch\/index.php?rest_route=%2Fwp%2Fv2%2Fmedia&parent=37"}],"curies":[{"name":"wp","href":"https:\/\/api.w.org\/{rel}","templated":true}]}}